{"id":742,"date":"2022-09-14T09:08:21","date_gmt":"2022-09-14T07:08:21","guid":{"rendered":"https:\/\/bar-welcome28.fr\/index.php\/contactez-nous\/"},"modified":"2022-10-13T17:25:33","modified_gmt":"2022-10-13T15:25:33","slug":"contactez-nous","status":"publish","type":"page","link":"https:\/\/bar-welcome28.fr\/index.php\/contactez-nous\/","title":{"rendered":"CONTACTEZ-NOUS"},"content":{"rendered":"<div data-colibri-id=\"742-c1\" class=\"style-660 style-local-742-c1 position-relative\">\n  <!---->\n  <div data-colibri-component=\"section\" data-colibri-id=\"742-c11\" id=\"reusable-sections\" class=\"h-section h-section-global-spacing d-flex align-items-lg-center align-items-md-center align-items-center style-1189 style-local-742-c11 position-relative\">\n    <!---->\n    <!---->\n    <div class=\"h-section-grid-container h-section-fluid-container\">\n      <!---->\n      <div data-colibri-id=\"742-c12\" class=\"h-row-container gutters-row-lg-2 gutters-row-md-2 gutters-row-2 gutters-row-v-lg-2 gutters-row-v-md-2 gutters-row-v-2 style-1190 style-local-742-c12 position-relative\">\n        <!---->\n        <div class=\"h-row justify-content-lg-center justify-content-md-center justify-content-center align-items-lg-stretch align-items-md-stretch align-items-stretch gutters-col-lg-2 gutters-col-md-2 gutters-col-2 gutters-col-v-lg-2 gutters-col-v-md-2 gutters-col-v-2\">\n          <!---->\n          <div class=\"h-column h-column-container d-flex h-col-lg-3 h-col-md-3 h-col-12 style-1191-outer style-local-742-c13-outer\">\n            <div data-colibri-id=\"742-c13\" class=\"d-flex h-flex-basis h-column__inner h-px-lg-0 h-px-md-0 h-px-0 v-inner-lg-0 v-inner-md-0 v-inner-0 style-1191 style-local-742-c13 position-relative\">\n              <!---->\n              <!---->\n              <div class=\"w-100 h-y-container h-column__content h-column__v-align flex-basis-100 align-self-lg-start align-self-md-start align-self-start\">\n                <!---->\n                <div data-colibri-id=\"742-c14\" class=\"h-icon style-1192 style-local-742-c14 position-relative h-element\">\n                  <!---->\n                  <a href=\"https:\/\/g.page\/barwelcomechartres?share\" target=\"_blank\" h-use-smooth-scroll=\"true\" rel=\"noopener\"><span class=\"h-svg-icon h-icon__icon style-1192-icon style-local-742-c14-icon\"><!--Icon by Icons8 Line Awesome (https:\/\/icons8.com\/line-awesome)--><svg version=\"1.1\" xmlns=\"http:\/\/www.w3.org\/2000\/svg\" xmlns:xlink=\"http:\/\/www.w3.org\/1999\/xlink\" id=\"map-marker\" viewBox=\"0 0 512 545.5\"><path d=\"M256 80c79.336 0 144 64.664 144 144 0 22.5-9.116 48.313-21.5 76.5s-28.314 58.098-44.5 86C301.628 442.306 269 489 269 489l-13 19-13-19s-32.628-46.694-65-102.5c-16.186-27.902-32.116-57.813-44.5-86S112 246.5 112 224c0-79.336 64.664-144 144-144zm0 32c-62.04 0-112 49.96-112 112 0 12.844 6.884 37.06 18.5 63.5s27.686 55.738 43.5 83c25.155 43.364 40.74 66.3 50 80 9.26-13.7 24.845-36.636 50-80 15.815-27.262 31.884-56.56 43.5-83S368 236.844 368 224c0-62.04-49.96-112-112-112zm0 80c17.673 0 32 14.327 32 32s-14.327 32-32 32-32-14.327-32-32 14.327-32 32-32z\"><\/path><\/svg><\/span><\/a>\n                <\/div>\n                <div data-colibri-id=\"742-c15\" class=\"h-global-transition-all h-heading style-1193 style-local-742-c15 position-relative h-element\">\n                  <!---->\n                  <div class=\"h-heading__outer style-1193 style-local-742-c15\">\n                    <!---->\n                    <!---->\n                    <h4 class=\"\">Adresse<\/h4>\n                  <\/div>\n                <\/div>\n                <div data-colibri-id=\"742-c16\" class=\"h-divider style-1194 style-local-742-c16 position-relative h-element\">\n                  <!----><span class=\"h-divider__line style-1194-line style-local-742-c16-line style-1194-line style-local-742-c16-line\"><\/span><\/div>\n                <div data-colibri-id=\"742-c17\" class=\"h-text h-text-component style-1195 style-local-742-c17 position-relative h-element\">\n                  <!---->\n                  <!---->\n                  <div class=\"\">\n                    <p><span style=\"color: rgb(255, 255, 255); font-family: &quot;Open Sans&quot;; font-size: 16px; font-weight: 400;\">18 bis Boulevard Chasles<\/span><\/p>\n                  <\/div>\n                <\/div>\n                <div data-colibri-id=\"742-c18\" class=\"h-text h-text-component style-1196 style-local-742-c18 position-relative h-element\">\n                  <!---->\n                  <!---->\n                  <div class=\"\">\n                    <p><span style=\"font-weight: 400; font-size: 16px; font-family: &quot;Open Sans&quot;; color: rgb(255, 255, 255);\">28000 Chartres<\/span><\/p>\n                  <\/div>\n                <\/div>\n              <\/div>\n            <\/div>\n          <\/div>\n          <div class=\"h-column h-column-container d-flex h-col-lg-3 h-col-md-3 h-col-12 style-1191-outer style-local-742-c19-outer\">\n            <div data-colibri-id=\"742-c19\" class=\"d-flex h-flex-basis h-column__inner h-px-lg-0 h-px-md-0 h-px-0 v-inner-lg-0 v-inner-md-0 v-inner-0 style-1191 style-local-742-c19 position-relative\">\n              <!---->\n              <!---->\n              <div class=\"w-100 h-y-container h-column__content h-column__v-align flex-basis-100 align-self-lg-start align-self-md-start align-self-start\">\n                <!---->\n                <div data-colibri-id=\"742-c20\" class=\"h-icon style-1192 style-local-742-c20 position-relative h-element\">\n                  <!---->\n                  <a href=\"mailto:bar-welcome28@hotmail.com\" target=\"_blank\" h-use-smooth-scroll=\"true\" rel=\"noopener\"><span class=\"h-svg-icon h-icon__icon style-1192-icon style-local-742-c20-icon\"><!--Icon by Ionicons (https:\/\/ionicons.com)--><svg version=\"1.1\" xmlns=\"http:\/\/www.w3.org\/2000\/svg\" xmlns:xlink=\"http:\/\/www.w3.org\/1999\/xlink\" id=\"ios-email-outline\" viewBox=\"0 0 384 512\"><path d=\"M0 128h384v256H0V128zm192 140l163-124H29zM16 368h352V154l-115 88 68 77-2 2-79-70-48 37-48-37-79 70-2-2 68-77-115-88v214z\"><\/path><\/svg><\/span><\/a>\n                <\/div>\n                <div data-colibri-id=\"742-c21\" class=\"h-global-transition-all h-heading style-1193 style-local-742-c21 position-relative h-element\">\n                  <!---->\n                  <div class=\"h-heading__outer style-1193 style-local-742-c21\">\n                    <!---->\n                    <!---->\n                    <h4 class=\"\">Mail<\/h4>\n                  <\/div>\n                <\/div>\n                <div data-colibri-id=\"742-c22\" class=\"h-divider style-1194 style-local-742-c22 position-relative h-element\">\n                  <!----><span class=\"h-divider__line style-1194-line style-local-742-c22-line style-1194-line style-local-742-c22-line\"><\/span><\/div>\n                <div data-colibri-id=\"742-c23\" class=\"h-text h-text-component style-1195 style-local-742-c23 position-relative h-element\">\n                  <!---->\n                  <!---->\n                  <div class=\"\">\n                    <p>\n                      <a href=\"mailto:bar-welcome28@hotmail.com\" style=\"font-weight: 400; font-family: &quot;Open Sans&quot;; font-size: 14px; color: rgb(255, 255, 255);\">bar-welcome28@hotmail.com<\/a>\n                    <\/p>\n                  <\/div>\n                <\/div>\n              <\/div>\n            <\/div>\n          <\/div>\n          <div class=\"h-column h-column-container d-flex h-col-lg-3 h-col-md-3 h-col-12 style-1191-outer style-local-742-c24-outer\">\n            <div data-colibri-id=\"742-c24\" class=\"d-flex h-flex-basis h-column__inner h-px-lg-0 h-px-md-0 h-px-0 v-inner-lg-0 v-inner-md-0 v-inner-0 style-1191 style-local-742-c24 position-relative\">\n              <!---->\n              <!---->\n              <div class=\"w-100 h-y-container h-column__content h-column__v-align flex-basis-100 align-self-lg-start align-self-md-start align-self-start\">\n                <!---->\n                <div data-colibri-id=\"742-c25\" class=\"h-icon style-1192 style-local-742-c25 position-relative h-element\">\n                  <!----><span class=\"h-svg-icon h-icon__icon style-1192-icon style-local-742-c25-icon\"><!--Icon by Ionicons (https:\/\/ionicons.com)--><svg version=\"1.1\" xmlns=\"http:\/\/www.w3.org\/2000\/svg\" xmlns:xlink=\"http:\/\/www.w3.org\/1999\/xlink\" id=\"ios-telephone-outline\" viewBox=\"0 0 352.0607 512\"><path d=\"M336.06 336c16 16 26 35 0 66-25 30-42 30-64 30-24 0-58-14-93-40-32-23-46-34-78-67-34-35-55-64-79-107-27-50-24-74-18-92 4-12 14-24 28-33l1-1c6-4 18-12 32-12 13 0 24 6 34 18l1 1c11 14 24 31 32 47 10 21 10 38-1 53-9 12-12 19-12 23s5 9 13 18l1 1c16 18 20 23 26 29 1 1 3 2 4 3l2 2c7 7 11 12 29 28l1 1c7 6 9 8 12 8 5 0 16-7 29-15 4-3 11-5 17-5 27 0 68 29 83 44zm-12 55c19-22 13-31 1-43-13-14-50-39-72-39-3 0-6 1-8 2-19 12-28 18-37 18s-15-6-23-13h-1c-19-16-23-21-30-29l-2-2c-1-1-3-2-4-3-6-6-11-12-27-30v-1c-10-11-17-18-18-28s5-20 16-34c15-20-5-48-31-79l-1-1c-7-8-14-12-22-12-10 0-18 6-23 9-1 0-2 1-2 1-11 7-18 16-21 24-5 16-7 35 17 79 23 42 43 70 76 104 31 32 45 42 76 64 32 23 64 38 84 38 21 0 32-1 52-25z\"><\/path><\/svg><\/span><\/div>\n                <div\n                  data-colibri-id=\"742-c26\" class=\"h-global-transition-all h-heading style-1193 style-local-742-c26 position-relative h-element\">\n                  <!---->\n                  <div class=\"h-heading__outer style-1193 style-local-742-c26\">\n                    <!---->\n                    <!---->\n                    <h4 class=\"\">T\u00e9l\u00e9phone<\/h4>\n                  <\/div>\n              <\/div>\n              <div data-colibri-id=\"742-c27\" class=\"h-divider style-1194 style-local-742-c27 position-relative h-element\">\n                <!----><span class=\"h-divider__line style-1194-line style-local-742-c27-line style-1194-line style-local-742-c27-line\"><\/span><\/div>\n              <div data-colibri-id=\"742-c28\" class=\"h-text h-text-component style-1197 style-local-742-c28 position-relative h-element\">\n                <!---->\n                <!---->\n                <div class=\"\">\n                  <p><span style=\"font-weight: 400; font-family: &quot;Open Sans&quot;; font-size: 14px; color: rgb(255, 255, 255);\">06 25 44 00 20<\/span><\/p>\n                <\/div>\n              <\/div>\n            <\/div>\n          <\/div>\n        <\/div>\n      <\/div>\n    <\/div>\n    <div data-colibri-id=\"742-c29\" class=\"h-row-container gutters-row-lg-2 gutters-row-md-2 gutters-row-0 gutters-row-v-lg-2 gutters-row-v-md-2 gutters-row-v-2 style-1198 style-local-742-c29 position-relative\">\n      <!---->\n      <div class=\"h-row justify-content-lg-center justify-content-md-center justify-content-center align-items-lg-stretch align-items-md-stretch align-items-stretch gutters-col-lg-2 gutters-col-md-2 gutters-col-0 gutters-col-v-lg-2 gutters-col-v-md-2 gutters-col-v-2\">\n        <!---->\n        <div class=\"h-column h-column-container d-flex h-col-lg-auto h-col-md-auto h-col-auto style-1199-outer style-local-742-c30-outer\">\n          <div data-colibri-id=\"742-c30\" class=\"d-flex h-flex-basis h-column__inner h-px-lg-2 h-px-md-2 h-px-2 v-inner-lg-2 v-inner-md-2 v-inner-2 style-1199 style-local-742-c30 position-relative\">\n            <!---->\n            <!---->\n            <div class=\"w-100 h-y-container h-column__content h-column__v-align flex-basis-100 align-self-lg-start align-self-md-start align-self-start\">\n              <!---->\n              <div data-colibri-id=\"742-c31\" class=\"style-1200 style-local-742-c31 position-relative h-element\">\n                <!---->\n                <div class=\"\">\n                  <iframe src=\"https:\/\/www.google.com\/maps\/embed?pb=!1m18!1m12!1m3!1d2646.7196459035454!2d1.4848535156597251!3d48.442720279249!2m3!1f0!2f0!3f0!3m2!1i1024!2i768!4f13.1!3m3!1m2!1s0x47e40c458aa26e3b%3A0x4874f61a68d8a4fc!2sLe%20Welcome!5e0!3m2!1sfr!2sfr!4v1663155107808!5m2!1sfr!2sfr\"\n                    width=\"1920\" height=\"350\" style=\"border:0;\" allowfullscreen=\"\" loading=\"lazy\" referrerpolicy=\"no-referrer-when-downgrade\"><\/iframe>\n                <\/div>\n              <\/div>\n            <\/div>\n          <\/div>\n        <\/div>\n      <\/div>\n    <\/div>\n  <\/div>\n<\/div>\n<\/div>","protected":false},"excerpt":{"rendered":"<p>Adresse 18 bis Boulevard Chasles 28000 Chartres Mail bar-welcome28@hotmail.com T\u00e9l\u00e9phone 06 25 44 00 20<\/p>\n","protected":false},"author":1,"featured_media":0,"parent":0,"menu_order":0,"comment_status":"closed","ping_status":"closed","template":"page-templates\/full-width-page.php","meta":{"_seopress_robots_primary_cat":"","_seopress_titles_title":"Contactez-nous | LE WELCOME CHARTRES","_seopress_titles_desc":"R\u00e9servation d&#039;une table, privatisation du bar, organisation d&#039;\u00e9v\u00e8nement, proposition prestation musicale ? Contactez-nous d\u00e8s maintenant !","_seopress_robots_index":"","footnotes":""},"class_list":["post-742","page","type-page","status-publish","hentry"],"_links":{"self":[{"href":"https:\/\/bar-welcome28.fr\/index.php\/wp-json\/wp\/v2\/pages\/742","targetHints":{"allow":["GET"]}}],"collection":[{"href":"https:\/\/bar-welcome28.fr\/index.php\/wp-json\/wp\/v2\/pages"}],"about":[{"href":"https:\/\/bar-welcome28.fr\/index.php\/wp-json\/wp\/v2\/types\/page"}],"author":[{"embeddable":true,"href":"https:\/\/bar-welcome28.fr\/index.php\/wp-json\/wp\/v2\/users\/1"}],"replies":[{"embeddable":true,"href":"https:\/\/bar-welcome28.fr\/index.php\/wp-json\/wp\/v2\/comments?post=742"}],"version-history":[{"count":20,"href":"https:\/\/bar-welcome28.fr\/index.php\/wp-json\/wp\/v2\/pages\/742\/revisions"}],"predecessor-version":[{"id":2214,"href":"https:\/\/bar-welcome28.fr\/index.php\/wp-json\/wp\/v2\/pages\/742\/revisions\/2214"}],"wp:attachment":[{"href":"https:\/\/bar-welcome28.fr\/index.php\/wp-json\/wp\/v2\/media?parent=742"}],"curies":[{"name":"wp","href":"https:\/\/api.w.org\/{rel}","templated":true}]}}