{"id":2436,"date":"2023-01-22T17:58:40","date_gmt":"2023-01-22T16:58:40","guid":{"rendered":"https:\/\/bar-welcome28.fr\/index.php\/mentions-legales\/"},"modified":"2023-01-25T15:41:31","modified_gmt":"2023-01-25T14:41:31","slug":"mentions-legales","status":"publish","type":"page","link":"https:\/\/bar-welcome28.fr\/index.php\/mentions-legales\/","title":{"rendered":"MENTIONS LEGALES"},"content":{"rendered":"<div data-colibri-id=\"2436-c1\" class=\"style-1205 style-local-2436-c1 position-relative\">\n  <!---->\n  <div data-colibri-component=\"section\" data-colibri-id=\"2436-c2\" id=\"custom\" class=\"h-section h-section-global-spacing d-flex align-items-lg-center align-items-md-center align-items-center style-1206 style-local-2436-c2 position-relative\">\n    <!---->\n    <!---->\n    <div class=\"h-section-grid-container h-section-boxed-container\">\n      <!---->\n      <div data-colibri-id=\"2436-c3\" class=\"h-row-container gutters-row-lg-2 gutters-row-md-2 gutters-row-0 gutters-row-v-lg-2 gutters-row-v-md-2 gutters-row-v-2 style-1207 style-local-2436-c3 position-relative\">\n        <!---->\n        <div class=\"h-row justify-content-lg-center justify-content-md-center justify-content-center align-items-lg-stretch align-items-md-stretch align-items-stretch gutters-col-lg-2 gutters-col-md-2 gutters-col-0 gutters-col-v-lg-2 gutters-col-v-md-2 gutters-col-v-2\">\n          <!---->\n          <div class=\"h-column h-column-container d-flex h-col-lg-auto h-col-md-auto h-col-auto style-1208-outer style-local-2436-c4-outer\">\n            <div data-colibri-id=\"2436-c4\" class=\"d-flex h-flex-basis h-column__inner h-px-lg-2 h-px-md-2 h-px-2 v-inner-lg-2 v-inner-md-2 v-inner-2 style-1208 style-local-2436-c4 position-relative\">\n              <!---->\n              <!---->\n              <div class=\"w-100 h-y-container h-column__content h-column__v-align flex-basis-100 align-self-lg-start align-self-md-start align-self-start\">\n                <!---->\n                <div data-colibri-id=\"2436-c5\" class=\"h-text h-text-component style-1209 style-local-2436-c5 position-relative h-element\">\n                  <!---->\n                  <!---->\n                  <div class=\"\">\n                    <h4><span style=\"color: rgb(255, 255, 255);\">Pr\u00e9sentation du site internet :<\/span><\/h4>\n                    <p><span style=\"font-size: 18px; color: rgb(255, 255, 255); font-family: &quot;Open Sans&quot;;\">En vertu de l\u2019article 6 de la loi n\u00b0 2004-575 du 21 juin 2004 pour la confiance dans l\u2019\u00e9conomie num\u00e9rique, il est pr\u00e9cis\u00e9 aux utilisateurs du site internet https:\/\/bar-welcome28.fr\/&nbsp;l\u2019identit\u00e9 des diff\u00e9rents intervenants dans le cadre de sa r\u00e9alisation et de son suivi:<\/span><\/p>\n                    <p><strong style=\"font-size: 18px; color: rgb(255, 255, 255); font-family: &quot;Open Sans&quot;;\">Propri\u00e9taire<\/strong><span style=\"font-size: 18px; color: rgb(255, 255, 255); font-family: &quot;Open Sans&quot;;\">&nbsp;: SARL WELCOME Capital social de 3 000\u20ac Num\u00e9ro de TVA: <\/span>\n                      <span\n                        style=\"font-family: &quot;Open Sans&quot;;\">FR09878265644&nbsp;<\/span><span style=\"font-family: &quot;Open Sans&quot;; font-size: 18px; color: rgb(255, 255, 255);\">\u2013 18 B Boulevard Chasles, 28000 Chartres.<\/span><\/p>\n                    <p><strong style=\"font-size: 18px; color: rgb(255, 255, 255); font-family: &quot;Open Sans&quot;;\">Webmaster<\/strong><span style=\"font-size: 18px; color: rgb(255, 255, 255); font-family: &quot;Open Sans&quot;;\">&nbsp;: M\u00e9rine DOS SANTOS \u2013<\/span>\n                      <a\n                        href=\"mailto:shakeyourday@konoisseur.com\" style=\"font-size: 18px; color: rgb(255, 255, 255); font-family: &quot;Open Sans&quot;;\">&nbsp;<\/a><span style=\"font-family: &quot;Open Sans&quot;;\">https:\/\/merinedossantos.fr\/<\/span><\/p>\n                    <p><strong style=\"font-size: 18px; color: rgb(255, 255, 255); font-family: &quot;Open Sans&quot;;\">H\u00e9bergeur<\/strong><span style=\"font-size: 18px; color: rgb(255, 255, 255); font-family: &quot;Open Sans&quot;;\">&nbsp;: OVH SAS \u2013<\/span>\n                      <span\n                        style=\"font-size: 18px; color: rgb(254, 254, 254); font-family: &quot;Open Sans&quot;;\"> <\/span><span style=\"font-size: 16px; color: rgb(254, 254, 254); font-family: &quot;Open Sans&quot;; font-weight: 400;\">2 rue Kellermann &#8211; 59100 Roubaix &#8211; France<\/span><\/p>\n                    <h4><span style=\"color: rgb(255, 255, 255);\">Conditions g\u00e9n\u00e9rales d&rsquo;utilisation du site et des services propos\u00e9s :<\/span><\/h4>\n                    <p><span style=\"color: rgb(255, 255, 255); font-size: 18px;\">Le Site constitue une \u0153uvre de l\u2019esprit prot\u00e9g\u00e9e par les dispositions du Code de la Propri\u00e9t\u00e9 Intellectuelle et des R\u00e9glementations Internationales applicables. Le Client ne peut en aucune mani\u00e8re r\u00e9utiliser, c\u00e9der ou exploiter pour son propre compte tout ou partie des \u00e9l\u00e9ments ou travaux du Site.<\/span><\/p>\n                    <p><span style=\"color: rgb(255, 255, 255); font-size: 18px;\">L\u2019utilisation du site&nbsp;<\/span><span style=\"color: rgb(255, 255, 255); font-size: 18px; font-family: &quot;Open Sans&quot;; font-weight: 400;\">https:\/\/bar-welcome28.fr\/<\/span>\n                      <span\n                        style=\"color: rgb(255, 255, 255); font-size: 18px;\">&nbsp;implique l\u2019acceptation pleine et enti\u00e8re des conditions g\u00e9n\u00e9rales d\u2019utilisation ci-apr\u00e8s d\u00e9crites. Ces conditions d\u2019utilisation sont susceptibles d\u2019\u00eatre modifi\u00e9es ou compl\u00e9t\u00e9es \u00e0 tout moment, les utilisateurs du site&nbsp;<\/span>\n                        <span\n                          style=\"color: rgb(255, 255, 255); font-size: 18px; font-family: &quot;Open Sans&quot;; font-weight: 400;\">https:\/\/bar-welcome28.fr\/<\/span><span style=\"color: rgb(255, 255, 255); font-size: 18px;\">&nbsp;sont donc invit\u00e9s \u00e0 les consulter de mani\u00e8re r\u00e9guli\u00e8re.\u200b<\/span><\/p>\n                    <p><span style=\"color: rgb(255, 255, 255); font-size: 18px;\">Ce site internet est normalement accessible \u00e0 tout moment aux utilisateurs. Une interruption pour raison de maintenance technique peut \u00eatre toutefois d\u00e9cid\u00e9e par&nbsp;<\/span>\n                      <span\n                        style=\"color: rgb(255, 255, 255); font-size: 18px; font-family: &quot;Open Sans&quot;; font-weight: 400;\">https:\/\/bar-welcome28.fr\/<\/span><span style=\"color: rgb(255, 255, 255); font-size: 18px;\">, qui s\u2019efforcera alors de communiquer pr\u00e9alablement aux utilisateurs les dates et heures de l\u2019intervention. Le site web est mis \u00e0 jour r\u00e9guli\u00e8rement par le responsable. De la m\u00eame fa\u00e7on, les mentions l\u00e9gales peuvent \u00eatre modifi\u00e9es \u00e0 tout moment : elles s\u2019imposent n\u00e9anmoins \u00e0 l\u2019utilisateur qui est invit\u00e9 \u00e0 s\u2019y r\u00e9f\u00e9rer le plus souvent possible afin d\u2019en prendre connaissance.<\/span><\/p>\n                    <h4><span style=\"color: rgb(255, 255, 255);\">Description des services propos\u00e9s :<\/span><\/h4>\n                    <p><span style=\"font-size: 18px; color: rgb(255, 255, 255);\">Le site internet&nbsp;<\/span><span style=\"font-size: 18px; font-weight: 400; font-family: &quot;Open Sans&quot;;\">https:\/\/bar-welcome28.fr\/<\/span><span style=\"font-size: 18px; color: rgb(255, 255, 255);\">&nbsp;a pour objet de fournir une information concernant l\u2019ensemble des activit\u00e9s de la soci\u00e9t\u00e9. Le responsable<\/span>\n                      <a href=\"https:\/\/sidecar-cognac.fr\" rel=\"nofollow noopener\" target=\"_blank\" style=\"font-size: 18px; color: rgb(255, 255, 255);\" class=\"customize-unpreviewable\">&nbsp;<\/a><span style=\"font-size: 18px; color: rgb(255, 255, 255);\">s\u2019efforce de fournir sur le site&nbsp;<\/span><span style=\"font-size: 18px; font-weight: 400; font-family: &quot;Open Sans&quot;;\">https:\/\/bar-welcome28.fr\/<\/span>\n                        <span\n                          style=\"font-size: 18px; color: rgb(255, 255, 255);\">&nbsp;des informations aussi pr\u00e9cises que possible. Toutefois, il ne pourra \u00eatre tenu responsable des oublis, des inexactitudes et des carences dans la mise \u00e0 jour, qu\u2019elles soient de son fait ou du fait des tiers partenaires qui\n                          lui fournissent ces informations.<\/span>\n                    <\/p>\n                    <p><span style=\"font-size: 18px; color: rgb(255, 255, 255);\">Toutes les informations indiqu\u00e9es sur le site&nbsp;<\/span><span style=\"font-size: 18px; font-weight: 400; font-family: &quot;Open Sans&quot;;\">https:\/\/bar-welcome28.fr\/<\/span>\n                      <span\n                        style=\"font-size: 18px; color: rgb(255, 255, 255);\">&nbsp;sont donn\u00e9es \u00e0 titre indicatif, et sont susceptibles d\u2019\u00e9voluer. Par ailleurs, les renseignements figurant sur le site&nbsp;ne sont pas exhaustifs. Ils sont donn\u00e9s sous r\u00e9serve de modifications ayant \u00e9t\u00e9 apport\u00e9es depuis leur\n                        mise en ligne.<\/span>\n                    <\/p>\n                    <h4><span style=\"color: rgb(255, 255, 255);\">Gestion des donn\u00e9es personnelles :<\/span><\/h4>\n                    <h4><span style=\"color: rgb(255, 255, 255); font-family: &quot;Open Sans&quot;; font-size: 18px; font-weight: 400;\">Le Client est inform\u00e9 des r\u00e9glementations concernant la communication marketing, la loi du 21 Juin 2014 pour la confiance dans l\u2019Economie Num\u00e9rique, la Loi Informatique et Libert\u00e9 du 06 Ao\u00fbt 2004 ainsi que du R\u00e8glement G\u00e9n\u00e9ral sur la Protection des Donn\u00e9es (RGPD : n\u00b0 2016-679).<\/span><\/h4>\n                    <h4><span style=\"font-weight: 600; color: rgb(255, 255, 255);\">Responsables de la collecte des donn\u00e9es personnelles :<\/span><\/h4>\n                    <p><span style=\"color: rgb(0, 26, 49); font-size: 18px;\">\ufeff<\/span><span style=\"color: rgb(255, 254, 254); font-size: 18px;\">Pour les Donn\u00e9es Personnelles collect\u00e9es dans le cadre de la cr\u00e9ation du compte personnel de l\u2019Utilisateur et de sa navigation sur le Site, le responsable du traitement des Donn\u00e9es Personnelles est : LE WELCOME. Le site :&nbsp;<\/span>\n                      <span\n                        style=\"font-size: 18px; font-family: &quot;Open Sans&quot;; font-weight: 400;\">https:\/\/bar-welcome28.fr\/<\/span>\n                        <a href=\"https:\/\/sidecar-cognac.fr\" target=\"_blank\" rel=\"nofollow noopener\" style=\"font-size: 18px; color: rgb(255, 254, 254);\" class=\"customize-unpreviewable\">&nbsp;<\/a><span style=\"font-size: 18px; color: rgb(255, 254, 254);\">est repr\u00e9sent\u00e9 par Jordan Guyon, son repr\u00e9sentant l\u00e9gal.<\/span><\/p>\n                    <p><span style=\"color: rgb(255, 254, 254); font-size: 18px;\">En tant que responsable du traitement des donn\u00e9es qu\u2019il collecte,&nbsp;<\/span><span style=\"font-size: 18px; font-family: &quot;Open Sans&quot;; font-weight: 400;\">https:\/\/bar-welcome28.fr\/&nbsp;<\/span>\n                      <span\n                        style=\"font-size: 18px; color: rgb(255, 254, 254);\">s\u2019engage \u00e0 respecter le cadre des dispositions l\u00e9gales en vigueur. Il lui appartient notamment au Client d\u2019\u00e9tablir les finalit\u00e9s de ses traitements de donn\u00e9es, de fournir \u00e0 ses prospects et clients, \u00e0 partir de la collecte de leurs\n                        consentements, une information compl\u00e8te sur le traitement de leurs donn\u00e9es personnelles et de maintenir un registre des traitements conforme \u00e0 la r\u00e9alit\u00e9.<\/span>\n                    <\/p>\n                    <p><span style=\"color: rgb(255, 254, 254); font-size: 18px;\">Chaque fois que<\/span>\n                      <a href=\"https:\/\/barlouise.com\" style=\"color: rgb(255, 254, 254); font-size: 18px;\" class=\"customize-unpreviewable\">&nbsp;<\/a><span style=\"font-size: 18px; font-family: &quot;Open Sans&quot;; font-weight: 400;\">https:\/\/bar-welcome28.fr\/<\/span>\n                      <a href=\"https:\/\/barlouise.com\" style=\"font-size: 18px; color: rgb(255, 254, 254);\" class=\"customize-unpreviewable\">&nbsp;<\/a><span style=\"font-size: 18px; color: rgb(255, 254, 254);\">traite des Donn\u00e9es Personnelles, il prend toutes les mesures raisonnables pour s\u2019assurer de l\u2019exactitude et de la pertinence des Donn\u00e9es Personnelles.<\/span><\/p>\n                    <h4><span style=\"color: rgb(255, 255, 255); font-weight: 600;\">&nbsp;Finalit\u00e9 des donn\u00e9es collect\u00e9es :<\/span><\/h4>\n                    <p>\n                      <a href=\"https:\/\/barlouise.com\" style=\"color: rgb(255, 255, 255); font-size: 18px;\" class=\"customize-unpreviewable\">Le site&nbsp;<\/a><span style=\"font-size: 18px; font-weight: 400; font-family: &quot;Open Sans&quot;;\">https:\/\/bar-welcome28.fr\/<\/span>\n                      <a href=\"https:\/\/barlouise.com\" style=\"font-size: 18px; color: rgb(255, 255, 255);\" class=\"customize-unpreviewable\">&nbsp;<\/a><span style=\"font-size: 18px; color: rgb(255, 255, 255);\">est susceptible de traiter tout ou partie des donn\u00e9es :<\/span><\/p>\n                    <ul>\n                      <li><span style=\"color: rgb(255, 255, 255); font-size: 18px;\">pour permettre la navigation sur le Site et la gestion et la tra\u00e7abilit\u00e9 des prestations et services command\u00e9s par l\u2019utilisateur : donn\u00e9es de connexion et d\u2019utilisation du Site, facturation, historique des commandes, etc.<\/span><\/li>\n                      <li><span style=\"color: rgb(255, 255, 255); font-size: 18px;\">pour pr\u00e9venir et lutter contre la fraude informatique (spamming, hacking\u2026) : mat\u00e9riel informatique utilis\u00e9 pour la navigation, l\u2019adresse IP, le mot de passe (hash\u00e9)<\/span><\/li>\n                      <li><span style=\"color: rgb(255, 255, 255); font-size: 18px;\">pour am\u00e9liorer la navigation sur le site : donn\u00e9es de connexion et d\u2019utilisation<\/span><\/li>\n                      <li><span style=\"color: rgb(255, 255, 255); font-size: 18px;\">pour mener des campagnes de communication (sms, mail) : num\u00e9ro de t\u00e9l\u00e9phone, adresse email<\/span><\/li>\n                    <\/ul>\n                    <p>\n                      <br>\n                    <\/p>\n                    <p><span style=\"font-size: 18px; font-weight: 400; font-family: &quot;Open Sans&quot;;\">Le site https:\/\/bar-welcome28.fr\/<\/span>\n                      <a href=\"https:\/\/barlouise.com\" style=\"font-size: 18px; font-weight: 400; font-family: &quot;Open Sans&quot;; color: rgb(255, 254, 254);\"\n                        class=\"customize-unpreviewable\">&nbsp;<\/a><span style=\"font-size: 18px; color: rgb(255, 255, 255);\">ne commercialise pas vos donn\u00e9es personnelles qui sont donc uniquement utilis\u00e9es par n\u00e9cessit\u00e9 ou \u00e0 des fins statistiques et d\u2019analyses.<\/span><\/p>\n                    <h4><span style=\"font-weight: 600; color: rgb(255, 255, 255);\">Droit d&rsquo;acc\u00e8s, de rectification et d&rsquo;opposition :<\/span><\/h4>\n                    <p><span style=\"color: rgb(255, 255, 255); font-size: 18px;\">Conform\u00e9ment \u00e0 la r\u00e9glementation europ\u00e9enne en vigueur, les Utilisateurs de&nbsp;<\/span><span style=\"color: rgb(255, 255, 255); font-size: 18px; font-weight: 400; font-family: &quot;Open Sans&quot;;\">https:\/\/bar-welcome28.fr\/<\/span>\n                      <span\n                        style=\"color: rgb(255, 255, 255); font-size: 18px;\">&nbsp;disposent des droits suivants :<\/span><span style=\"color: rgb(255, 255, 255);\">\u200b<\/span><span style=\"color: rgb(255, 255, 255); font-size: 18px;\">\u200b<\/span><\/p>\n                    <ul>\n                      <li><span style=\"color: rgb(255, 255, 255); font-size: 18px;\">droit d\u2019acc\u00e8s (article 15 RGPD) et de rectification (article 16 RGPD), de mise \u00e0 jour, de compl\u00e9tude des donn\u00e9es des Utilisateurs <\/span><\/li>\n                      <li><span style=\"color: rgb(255, 255, 255); font-size: 18px;\">droit de verrouillage ou d\u2019effacement des donn\u00e9es des Utilisateurs \u00e0 caract\u00e8re personnel (article 17 du RGPD), lorsqu\u2019elles sont inexactes, incompl\u00e8tes, \u00e9quivoques, p\u00e9rim\u00e9es, ou dont la collecte, l\u2019utilisation, la communication ou la conservation est interdite.<\/span><\/li>\n                      <li><span style=\"font-size: 18px; color: rgb(255, 255, 255);\">droit de retirer \u00e0 tout moment un consentement (article 13-2c RGPD)<\/span><\/li>\n                      <li><span style=\"font-size: 18px; color: rgb(255, 255, 255);\">droit \u00e0 la limitation du traitement des donn\u00e9es des Utilisateurs (article 18 RGPD)<\/span><\/li>\n                      <li><span style=\"font-size: 18px; color: rgb(255, 255, 255);\">droit d\u2019opposition au traitement des donn\u00e9es des Utilisateurs (article 21 RGPD)<\/span><\/li>\n                      <li><span style=\"font-size: 18px; color: rgb(255, 255, 255);\">droit \u00e0 la portabilit\u00e9 des donn\u00e9es que les Utilisateurs auront fournies, lorsque ces donn\u00e9es font l\u2019objet de traitements automatis\u00e9s fond\u00e9s sur leur consentement ou sur un contrat (article 20 RGPD).\u200b<\/span>\n                        <span\n                          style=\"color: rgb(255, 255, 255);\">\u200b<\/span>\n                      <\/li>\n                    <\/ul>\n                    <p><span style=\"color: rgb(255, 255, 255);\">\ufeff<\/span><\/p>\n                    <p><span style=\"color: rgb(255, 255, 255); font-size: 18px;\">Si l\u2019Utilisateur souhaite savoir comment&nbsp;<\/span>\n                      <a href=\"https:\/\/barlouise.com\" target=\"_blank\" rel=\"noopener noreferrer\" style=\"color: rgb(255, 255, 255); font-size: 18px;\" class=\"customize-unpreviewable\">l<\/a>e site&nbsp;<span style=\"color: rgb(255, 255, 255); font-size: 18px; font-weight: 400; font-family: &quot;Open Sans&quot;;\">https:\/\/bar-welcome28.fr\/<\/span><span style=\"color: rgb(255, 255, 255); font-size: 18px;\">&nbsp;utilise ses Donn\u00e9es Personnelles, demander \u00e0 les rectifier ou s\u2019oppose \u00e0 leur traitement, l\u2019Utilisateur peut contacter le Welcome par \u00e9crit \u00e0 l\u2019adresse suivante : BAR LE WELCOME &#8211;&nbsp;<\/span>\n                      <span\n                        style=\"color: rgb(255, 255, 255); font-size: 18px; font-family: &quot;Open Sans&quot;; font-weight: 400;\">18 B Boulevard Chasles, 28000 Chartres.<\/span>\n                    <\/p>\n                    <p><span style=\"color: rgb(255, 255, 255); font-size: 18px;\">Dans ce cas, l\u2019Utilisateur doit indiquer les Donn\u00e9es Personnelles qu\u2019il souhaiterait que&nbsp;<\/span><span style=\"color: rgb(255, 255, 255); font-size: 18px; font-family: &quot;Open Sans&quot;; font-weight: 400;\">https:\/\/bar-welcome28.fr\/<\/span>\n                      <span\n                        style=\"color: rgb(255, 255, 255); font-size: 18px;\">&nbsp;corrige, mette \u00e0 jour ou supprime, en s\u2019identifiant pr\u00e9cis\u00e9ment avec une copie d\u2019une pi\u00e8ce d\u2019identit\u00e9 (carte d\u2019identit\u00e9 ou passeport).<\/span>\n                    <\/p>\n                    <p><span style=\"color: rgb(255, 255, 255); font-size: 18px;\">Les demandes de suppression de Donn\u00e9es Personnelles seront soumises aux obligations qui sont impos\u00e9es \u00e0&nbsp;<\/span><span style=\"color: rgb(255, 255, 255); font-size: 18px; font-family: &quot;Open Sans&quot;; font-weight: 400;\">https:\/\/bar-welcome28.fr\/&nbsp;<\/span>\n                      <span\n                        style=\"color: rgb(255, 255, 255); font-size: 18px;\">par la loi, notamment en mati\u00e8re de conservation ou d\u2019archivage des documents. Enfin, les Utilisateurs de&nbsp;<\/span><span style=\"color: rgb(255, 255, 255); font-size: 18px; font-family: &quot;Open Sans&quot;; font-weight: 400;\">https:\/\/bar-welcome28.fr\/&nbsp;<\/span>\n                        <span\n                          style=\"color: rgb(255, 255, 255); font-size: 18px;\">peuvent d\u00e9poser une r\u00e9clamation aupr\u00e8s des autorit\u00e9s de contr\u00f4le, et notamment de la CNIL (https:\/\/www.cnil.fr\/fr\/plaintes).<\/span>\n                    <\/p>\n                    <h4><span style=\"color: rgb(255, 255, 255);\">Lois applicables :<\/span><\/h4>\n                    <p><span style=\"font-weight: 400; font-size: 118%; font-family: &quot;Open Sans&quot;; color: rgb(255, 255, 255);\">L\u2019usage de ce site web est r\u00e9gi par la loi fran\u00e7aise \u00e0 l\u2019exception de toute autre l\u00e9gislation.<\/span><\/p>\n                  <\/div>\n                <\/div>\n              <\/div>\n            <\/div>\n          <\/div>\n        <\/div>\n      <\/div>\n    <\/div>\n  <\/div>\n<\/div>","protected":false},"excerpt":{"rendered":"<p>Pr\u00e9sentation du site internet : En vertu de l\u2019article 6 de la loi n\u00b0 2004-575 du 21 juin 2004 pour la confiance dans l\u2019\u00e9conomie num\u00e9rique, il est pr\u00e9cis\u00e9 aux utilisateurs du site internet https:\/\/bar-welcome28.fr\/&nbsp;l\u2019identit\u00e9 des diff\u00e9rents intervenants dans le cadre de sa r\u00e9alisation et de son suivi: Propri\u00e9taire&nbsp;: SARL WELCOME Capital social de 3 000\u20ac [&hellip;]<\/p>\n","protected":false},"author":1,"featured_media":0,"parent":0,"menu_order":0,"comment_status":"closed","ping_status":"closed","template":"page-templates\/full-width-page.php","meta":{"_seopress_robots_primary_cat":"","_seopress_titles_title":"","_seopress_titles_desc":"","_seopress_robots_index":"","footnotes":""},"class_list":["post-2436","page","type-page","status-publish","hentry"],"_links":{"self":[{"href":"https:\/\/bar-welcome28.fr\/index.php\/wp-json\/wp\/v2\/pages\/2436","targetHints":{"allow":["GET"]}}],"collection":[{"href":"https:\/\/bar-welcome28.fr\/index.php\/wp-json\/wp\/v2\/pages"}],"about":[{"href":"https:\/\/bar-welcome28.fr\/index.php\/wp-json\/wp\/v2\/types\/page"}],"author":[{"embeddable":true,"href":"https:\/\/bar-welcome28.fr\/index.php\/wp-json\/wp\/v2\/users\/1"}],"replies":[{"embeddable":true,"href":"https:\/\/bar-welcome28.fr\/index.php\/wp-json\/wp\/v2\/comments?post=2436"}],"version-history":[{"count":5,"href":"https:\/\/bar-welcome28.fr\/index.php\/wp-json\/wp\/v2\/pages\/2436\/revisions"}],"predecessor-version":[{"id":2467,"href":"https:\/\/bar-welcome28.fr\/index.php\/wp-json\/wp\/v2\/pages\/2436\/revisions\/2467"}],"wp:attachment":[{"href":"https:\/\/bar-welcome28.fr\/index.php\/wp-json\/wp\/v2\/media?parent=2436"}],"curies":[{"name":"wp","href":"https:\/\/api.w.org\/{rel}","templated":true}]}}